{"id":10298,"date":"2025-02-17T11:38:56","date_gmt":"2025-02-17T10:38:56","guid":{"rendered":"https:\/\/www.lenoir-mec.com\/product\/high-intensity-magnetic-separator-slt\/"},"modified":"2025-07-01T16:51:55","modified_gmt":"2025-07-01T14:51:55","slug":"high-intensity-magnetic-separator-slt","status":"publish","type":"product","link":"https:\/\/www.lenoir-mec.com\/en\/product\/high-intensity-magnetic-separator-slt\/","title":{"rendered":"High-intensity magnetic separator (SLT)"},"content":{"rendered":"\t\t<div data-elementor-type=\"product-post\" data-elementor-id=\"10298\" class=\"elementor elementor-10298 elementor-9522\" data-elementor-post-type=\"product\">\n\t\t\t\t<div class=\"elementor-element elementor-element-f90f391 e-flex e-con-boxed e-con e-parent\" data-id=\"f90f391\" data-element_type=\"container\" data-settings=\"{&quot;background_background&quot;:&quot;classic&quot;}\">\n\t\t\t\t\t<div class=\"e-con-inner\">\n\t\t<div class=\"elementor-element elementor-element-7d35195 e-grid e-con-full e-con e-child\" data-id=\"7d35195\" data-element_type=\"container\">\n\t\t\t\t<div class=\"elementor-element elementor-element-48396c3 elementor-view-default elementor-position-top elementor-mobile-position-top elementor-widget elementor-widget-icon-box\" data-id=\"48396c3\" data-element_type=\"widget\" data-widget_type=\"icon-box.default\">\n\t\t\t\t<div class=\"elementor-widget-container\">\n\t\t\t\t\t\t\t<div class=\"elementor-icon-box-wrapper\">\n\n\t\t\t\t\t\t<div class=\"elementor-icon-box-icon\">\n\t\t\t\t<a href=\"https:\/\/www.lenoir-mec.com\/en\/maintenance-repair\/\" class=\"elementor-icon elementor-animation-rotate\" tabindex=\"-1\">\n\t\t\t\t<svg xmlns=\"http:\/\/www.w3.org\/2000\/svg\" width=\"64.536\" height=\"62.334\" viewBox=\"0 0 64.536 62.334\"><path id=\"Trac&#xE9;_90\" data-name=\"Trac&#xE9; 90\" d=\"M31.17,13.421a25.11,25.11,0,0,1,11.78-.1l3.558-6.289a.976.976,0,0,1,1.33-.367l10.606,6A.976.976,0,0,1,58.81,14l-3.555,6.282a25.237,25.237,0,0,1,5.981,10.151l7.218-.063a.975.975,0,0,1,.982.967l.106,12.186a.974.974,0,0,1-.966.982l-7.223.062a25.085,25.085,0,0,1-5.8,10.256l3.665,6.222a.975.975,0,0,1-.348,1.333l-10.5,6.184a.974.974,0,0,1-1.333-.347L43.379,62a25.1,25.1,0,0,1-11.78.1l-3.558,6.289a.976.976,0,0,1-1.33.367l-10.606-6a.976.976,0,0,1-.366-1.33l3.554-6.282a25.23,25.23,0,0,1-5.981-10.151l-7.218.063a.975.975,0,0,1-.982-.967L5.007,31.9a.973.973,0,0,1,.966-.982l7.223-.063a25.094,25.094,0,0,1,5.8-10.256l-3.663-6.224a.975.975,0,0,1,.348-1.333l10.5-6.184A.974.974,0,0,1,27.51,7.2l3.662,6.216ZM43.161,25.069,29.273,33.087v3.17l1.137.656v-2.6a.978.978,0,0,1,.55-.879l13.342-7.7-1.141-.659Zm3.092,1.786L33.34,34.313l3.935,2.269,12.914-7.459ZM32.367,36v2.6h0a.975.975,0,0,1-1.459.844l-3.014-1.737a.979.979,0,0,1-.574-.89V33.09l-3.93-2.269V45.73l12.909,7.459V38.271L32.364,36ZM28.3,31.4,41.21,23.939,37.275,21.67,24.361,29.129ZM46.2,47.343l3.89-2.247a.976.976,0,1,0-.978-1.689l-3.89,2.246a.976.976,0,1,0,.978,1.688Zm-7.949-9.072V53.189L51.162,45.73V30.818L38.253,38.271Zm-.412,17.4L45.2,51.427l7.371-4.256a.978.978,0,0,0,.55-.88V29.127h0a.98.98,0,0,0-.34-.741c-.191-.16-13.859-8.009-15-8.678a.975.975,0,0,0-.988-.006L21.982,28.247a.978.978,0,0,0-.551.88V46.291h0a.978.978,0,0,0,.487.845l14.789,8.534a.974.974,0,0,0,1.132,0ZM37.06,14.62a22.92,22.92,0,0,0-6.083.876h0a.975.975,0,0,1-1.107-.445L26.325,9.033l-8.821,5.2,3.521,5.981a.975.975,0,0,1-.126,1.219,22.994,22.994,0,0,0-6,10.628h0a.975.975,0,0,1-.938.738l-6.991.061.087,10.236,6.9-.06a.979.979,0,0,1,1.036.717,23.183,23.183,0,0,0,6.187,10.515.975.975,0,0,1,.177,1.189l-3.442,6.079,8.908,5.04,3.425-6.053a.975.975,0,0,1,1.115-.495,23.013,23.013,0,0,0,12.209-.1h0a.975.975,0,0,1,1.107.444l3.544,6.018,8.821-5.2-3.518-5.979a.977.977,0,0,1,.125-1.219,22.985,22.985,0,0,0,6.006-10.628h0a.975.975,0,0,1,.938-.738l6.991-.061L67.5,32.33l-6.9.06a.979.979,0,0,1-1.036-.717A23.178,23.178,0,0,0,53.37,21.158a.976.976,0,0,1-.176-1.189l3.442-6.078L47.725,8.846,44.3,14.9a.975.975,0,0,1-1.115.495A23.211,23.211,0,0,0,37.06,14.62Z\" transform=\"translate(-5.007 -6.542)\" fill=\"#f4a72d\" fill-rule=\"evenodd\"><\/path><\/svg>\t\t\t\t<\/a>\n\t\t\t<\/div>\n\t\t\t\n\t\t\t\t\t\t<div class=\"elementor-icon-box-content\">\n\n\t\t\t\t\n\t\t\t\t\t\t\t\t\t<p class=\"elementor-icon-box-description\">\n\t\t\t\t\t\tAssistance with industrial commissioning\t\t\t\t\t<\/p>\n\t\t\t\t\n\t\t\t<\/div>\n\t\t\t\n\t\t<\/div>\n\t\t\t\t\t\t<\/div>\n\t\t\t\t<\/div>\n\t\t\t\t<div class=\"elementor-element elementor-element-5425a8c elementor-view-default elementor-position-top elementor-mobile-position-top elementor-widget elementor-widget-icon-box\" data-id=\"5425a8c\" data-element_type=\"widget\" data-widget_type=\"icon-box.default\">\n\t\t\t\t<div class=\"elementor-widget-container\">\n\t\t\t\t\t\t\t<div class=\"elementor-icon-box-wrapper\">\n\n\t\t\t\t\t\t<div class=\"elementor-icon-box-icon\">\n\t\t\t\t<a href=\"https:\/\/www.lenoir-mec.com\/en\/maintenance-repair\/\" class=\"elementor-icon elementor-animation-rotate\" tabindex=\"-1\">\n\t\t\t\t<svg xmlns=\"http:\/\/www.w3.org\/2000\/svg\" width=\"62.338\" height=\"62.334\" viewBox=\"0 0 62.338 62.334\"><path id=\"Trac&#xE9;_89\" data-name=\"Trac&#xE9; 89\" d=\"M36.683,16.485l16.206,9.357a.941.941,0,0,1,.481.821h0V45.4a.943.943,0,0,1-.532.849L44.787,50.9c-.017.01-.035.019-.053.028L36.747,55.54a.935.935,0,0,1-1.093,0L27.615,50.9h0L19.5,46.217a.943.943,0,0,1-.47-.815h0V26.664a.943.943,0,0,1,.532-.85l16.165-9.335a.943.943,0,0,1,.954.006ZM19.438,62.468A31.172,31.172,0,0,0,66.272,28.1a.944.944,0,0,0-1.155-.668L60.2,28.755a.943.943,0,0,0-.668,1.155,24.19,24.19,0,0,1-36.593,26.5l1.6-2.778a.941.941,0,0,0-.727-1.465L9,51.283a.943.943,0,0,0-.843,1.461l8.172,12.378h0a.941.941,0,0,0,1.6-.051l1.5-2.6Zm-2.37.346,1.21-2.1a.941.941,0,0,1,1.378-.362A29.286,29.286,0,0,0,64.677,29.5l-3.1.831a26.073,26.073,0,0,1-40.44,27.139h0a.94.94,0,0,1-.277-1.238l1.316-2.274-11.405-.684,6.3,9.535ZM6.058,44.234a.943.943,0,0,0,1.155.668l4.923-1.316A.944.944,0,0,0,12.8,42.43a24.192,24.192,0,0,1,35.476-27.2L46.623,18.1a.942.942,0,0,0,.728,1.465l14.8.889A.943.943,0,0,0,63,18.99L54.826,6.61a.943.943,0,0,0-1.6.048L51.768,9.183A31.172,31.172,0,0,0,6.058,44.234ZM7.889,28.557a29.435,29.435,0,0,0-.238,14.274l3.1-.831a26.073,26.073,0,0,1,39.3-27.9h0a.94.94,0,0,1,.314,1.264l-1.385,2.4,11.4.685-6.3-9.532-1.157,2a.943.943,0,0,1-1.331.359A29.3,29.3,0,0,0,7.889,28.557Zm34.738-6.464L27.343,30.916v3.6l1.488.859V32.323a.944.944,0,0,1,.531-.85l14.756-8.519ZM46,24.042,31.663,32.323,36.2,34.944l14.339-8.28ZM30.72,33.956v3.051h0a.942.942,0,0,1-1.407.816l-3.3-1.906a.944.944,0,0,1-.554-.859V30.916L20.915,28.3V44.858l7.642,4.412h0l6.7,3.867V36.575l-4.536-2.619ZM26.4,29.285,40.742,21,36.2,18.383,21.858,26.664ZM45.884,46.442l4.246-2.452a.942.942,0,1,0-.945-1.63l-4.247,2.452a.942.942,0,1,0,.945,1.63Zm-8.739-9.867V53.139l14.336-8.28V28.3Z\" transform=\"translate(-4.996 -4.999)\" fill=\"#f4a72d\" fill-rule=\"evenodd\"><\/path><\/svg>\t\t\t\t<\/a>\n\t\t\t<\/div>\n\t\t\t\n\t\t\t\t\t\t<div class=\"elementor-icon-box-content\">\n\n\t\t\t\t\n\t\t\t\t\t\t\t\t\t<p class=\"elementor-icon-box-description\">\n\t\t\t\t\t\tSpare parts stock<br>\t\t\t\t\t<\/p>\n\t\t\t\t\n\t\t\t<\/div>\n\t\t\t\n\t\t<\/div>\n\t\t\t\t\t\t<\/div>\n\t\t\t\t<\/div>\n\t\t\t\t<div class=\"elementor-element elementor-element-23af5c7 elementor-view-default elementor-position-top elementor-mobile-position-top elementor-widget elementor-widget-icon-box\" data-id=\"23af5c7\" data-element_type=\"widget\" data-widget_type=\"icon-box.default\">\n\t\t\t\t<div class=\"elementor-widget-container\">\n\t\t\t\t\t\t\t<div class=\"elementor-icon-box-wrapper\">\n\n\t\t\t\t\t\t<div class=\"elementor-icon-box-icon\">\n\t\t\t\t<a href=\"https:\/\/www.lenoir-mec.com\/en\/maintenance-repair\/\" class=\"elementor-icon elementor-animation-rotate\" tabindex=\"-1\">\n\t\t\t\t<svg xmlns=\"http:\/\/www.w3.org\/2000\/svg\" width=\"70.887\" height=\"62.334\" viewBox=\"0 0 70.887 62.334\"><path id=\"Trac&#xE9;_91\" data-name=\"Trac&#xE9; 91\" d=\"M26.724,60.86A5.444,5.444,0,1,0,34.759,67.9h0a5.451,5.451,0,0,0-2-7.437h0a5.452,5.452,0,0,0-6.039.4Zm2.639,1.783a2.623,2.623,0,1,1-1.855,3.213,2.623,2.623,0,0,1,1.855-3.213Zm4.109-26.151,8.787-2.354V20.6a1.074,1.074,0,0,1,.605-.967L58.539,10.58a1.072,1.072,0,0,1,1.086.006l15.717,9.077a1.068,1.068,0,0,1,.551.935h0V56.96a1.074,1.074,0,0,1-.6.966L59.676,66.941a1.066,1.066,0,0,1-1.2,0l-6.687-3.86L37.424,66.928a7.665,7.665,0,0,1-.814,2.042h0a7.588,7.588,0,1,1-11.777-9.312L17.289,31.489,9.541,33.566A3.6,3.6,0,1,1,7.679,26.6L18.57,23.689a3.938,3.938,0,0,1,2.993.4h0a3.938,3.938,0,0,1,1.84,2.387l3.181,11.861,6.891-1.846Zm8.164.034,5.854-1.568L52.942,55.31,35.564,59.967a7.6,7.6,0,0,0-1.724-1.361h0a7.65,7.65,0,0,0-2.041-.814L27.135,40.41l5.855-1.567,2.442,9.11a1.074,1.074,0,0,0,1.314.759l6.573-1.761a1.073,1.073,0,0,0,.759-1.313l-2.442-9.111Zm-6.572,1.761,2.163,8.074,4.5-1.206L39.563,37.08ZM44.4,33.56,47.97,32.6a1.073,1.073,0,0,1,1.313.759L51.7,42.372l.042.023L58,46.01V30.3L53.914,27.94v2.69h0a1.071,1.071,0,0,1-1.6.927l-3.189-1.841a1.076,1.076,0,0,1-.63-.978V24.814l-4.087-2.363V33.566ZM52.482,45.3l2.533,9.452,2.987-.8V48.487Zm-22.959,12.3L21.33,27.028a1.8,1.8,0,0,0-.841-1.093h0a1.8,1.8,0,0,0-1.367-.179L8.231,28.676a1.458,1.458,0,1,0,.756,2.816l8.779-2.352a1.074,1.074,0,0,1,1.314.759L26.705,58.36a7.64,7.64,0,0,1,2.817-.755Zm7.336,4.239a7.654,7.654,0,0,1,.755,2.816l22.938-6.144a1.458,1.458,0,0,0,.349-2.669h0a1.846,1.846,0,0,0-1.6-.011Zm17.855.455L58,64.2V61.414l-3.288.881Zm5.435-1.456V64.2l13.6-7.85V40.634L67.483,44.25h0l-7.336,4.235V53.5a3.618,3.618,0,0,1,1.824.488h0a3.606,3.606,0,0,1-.866,6.6l-.955.257ZM54.982,26.09l4.091,2.363,13.6-7.854-4.1-2.363ZM66.441,17l-1.135-.655L50.639,24.812v3.319l1.127.651V26.089a1.074,1.074,0,0,1,.605-.967Zm-3.274-1.89-4.1-2.363L45.473,20.6l4.1,2.363,13.6-7.853Zm5.381,24.818,4.12-2.379A1.071,1.071,0,0,0,71.6,35.692l-4.12,2.379a1.072,1.072,0,0,0,1.074,1.854Zm-8.4,6.086L66.411,42.4h0l7.335-4.235v-15.7l-13.6,7.846Z\" transform=\"translate(-5.006 -10.435)\" fill=\"#f4a72d\" fill-rule=\"evenodd\"><\/path><\/svg>\t\t\t\t<\/a>\n\t\t\t<\/div>\n\t\t\t\n\t\t\t\t\t\t<div class=\"elementor-icon-box-content\">\n\n\t\t\t\t\n\t\t\t\t\t\t\t\t\t<p class=\"elementor-icon-box-description\">\n\t\t\t\t\t\tFast response<br>from the after-sales service\t\t\t\t\t<\/p>\n\t\t\t\t\n\t\t\t<\/div>\n\t\t\t\n\t\t<\/div>\n\t\t\t\t\t\t<\/div>\n\t\t\t\t<\/div>\n\t\t\t\t<div class=\"elementor-element elementor-element-cdb8a97 elementor-view-default elementor-position-top elementor-mobile-position-top elementor-widget elementor-widget-icon-box\" data-id=\"cdb8a97\" data-element_type=\"widget\" data-widget_type=\"icon-box.default\">\n\t\t\t\t<div class=\"elementor-widget-container\">\n\t\t\t\t\t\t\t<div class=\"elementor-icon-box-wrapper\">\n\n\t\t\t\t\t\t<div class=\"elementor-icon-box-icon\">\n\t\t\t\t<a href=\"https:\/\/www.lenoir-mec.com\/en\/audit-and-verification-of-magnetic-separators\/\" class=\"elementor-icon elementor-animation-rotate\" tabindex=\"-1\">\n\t\t\t\t<svg xmlns=\"http:\/\/www.w3.org\/2000\/svg\" width=\"55.573\" height=\"62.334\" viewBox=\"0 0 55.573 62.334\"><path id=\"Trac&#xE9;_95\" data-name=\"Trac&#xE9; 95\" d=\"M50.6,7.853a.887.887,0,0,0-.213-.749.723.723,0,0,0-.511-.213H37.2a.73.73,0,0,0-.725.725v4.191a.73.73,0,0,0,.725.725H49.88a.729.729,0,0,0,.724-.725ZM28.38,37.521a8,8,0,1,0,.044.027Zm-6.344-2.57A9.663,9.663,0,1,1,15.2,46.785,9.663,9.663,0,0,1,22.036,34.95Zm8.525-1.1A12.052,12.052,0,0,1,20.4,55.6h0a.943.943,0,0,0-1.14.416c-1.69,2.926-3.394,5.848-5.071,8.782a1.3,1.3,0,0,1-.79.6,1.322,1.322,0,0,1-.933-.1h0a1.312,1.312,0,0,1-.558-1.752h0l.03-.051L17,54.752a.945.945,0,0,0-.193-1.225,12.06,12.06,0,0,1-2.728-15.22c.009-.015.019-.029.027-.044A12.052,12.052,0,0,1,30.563,33.85Zm-9.627-3.025q.346-.092.693-.167V10.769a3.872,3.872,0,0,1,3.863-3.863h9.2A2.621,2.621,0,0,1,37.2,5H49.878a2.62,2.62,0,0,1,2.517,1.905h9.2a3.873,3.873,0,0,1,3.864,3.863V62.392a3.872,3.872,0,0,1-3.864,3.863h-36.1a3.872,3.872,0,0,1-3.863-3.863V57.916q-.561-.121-1.117-.287l-4.652,8.058a1.016,1.016,0,0,1-.063.109h0a3.186,3.186,0,0,1-4.225,1.163.97.97,0,0,1-.146-.08h0a3.192,3.192,0,0,1-1.083-4.37l4.655-8.063a13.931,13.931,0,0,1-2.556-17.07c.01-.019.02-.039.031-.057a13.888,13.888,0,0,1,8.461-6.493Zm2.583-.438a13.925,13.925,0,0,1,1.847-.015V11.586a.945.945,0,0,1,.944-.945h8.284V8.794h-9.1a1.983,1.983,0,0,0-1.975,1.975V30.385Zm3.736.227V12.53h7.439A2.622,2.622,0,0,0,37.2,14.421H49.878A2.622,2.622,0,0,0,52.39,12.53h7.444v48.1H27.25V57.952a14,14,0,0,0,4.376-1.669h9.627a.945.945,0,0,0,0-1.889H34.131a13.9,13.9,0,0,0,2.048-2.453h9.954a.945.945,0,0,0,0-1.889H37.22a13.844,13.844,0,0,0,1.252-5.531h2.784a.945.945,0,0,0,0-1.889H38.374a13.982,13.982,0,0,0-.521-2.453h8.28a.945.945,0,0,0,0-1.889H37.115a13.956,13.956,0,0,0-9.866-7.678ZM25.361,58.193v3.379a.945.945,0,0,0,.944.945H60.777a.945.945,0,0,0,.945-.945V11.586a.945.945,0,0,0-.945-.945H52.491V8.794h9.1a1.983,1.983,0,0,1,1.975,1.975V62.392a1.983,1.983,0,0,1-1.975,1.975h-36.1a1.983,1.983,0,0,1-1.975-1.975V58.184a13.938,13.938,0,0,0,1.847.012Zm23.688-4.149,1.326,1.509a.942.942,0,0,0,1.328.089l4.023-3.532a.941.941,0,1,0-1.239-1.417l-3.318,2.916-.7-.8a.941.941,0,0,0-1.417,1.24Zm0-11.762,1.326,1.509a.942.942,0,0,0,1.328.089l4.023-3.532a.941.941,0,1,0-1.239-1.417l-3.32,2.918-.7-.8a.941.941,0,0,0-1.417,1.24ZM44.485,26.135V33.12l6.041-3.487V22.647Zm-.4,9.384,7.776-4.49a.943.943,0,0,0,.554-.859V21.013h0a.938.938,0,0,0-.524-.844l-7.872-4.542a.938.938,0,0,0-.95-.008l-7.854,4.535a.945.945,0,0,0-.554.859v9.157h0a.94.94,0,0,0,.472.815l7.852,4.534a.939.939,0,0,0,1.093,0ZM42.6,33.12V26.135l-6.042-3.487V29.63Zm-5.1-12.108L43.541,24.5l6.047-3.492-6.047-3.492Z\" transform=\"translate(-9.885 -5)\" fill=\"#f4a72d\" fill-rule=\"evenodd\"><\/path><\/svg>\t\t\t\t<\/a>\n\t\t\t<\/div>\n\t\t\t\n\t\t\t\t\t\t<div class=\"elementor-icon-box-content\">\n\n\t\t\t\t\n\t\t\t\t\t\t\t\t\t<p class=\"elementor-icon-box-description\">\n\t\t\t\t\t\tFleet monitoring and periodic\nperformance checks\t\t\t\t\t<\/p>\n\t\t\t\t\n\t\t\t<\/div>\n\t\t\t\n\t\t<\/div>\n\t\t\t\t\t\t<\/div>\n\t\t\t\t<\/div>\n\t\t\t\t<\/div>\n\t\t\t\t\t<\/div>\n\t\t\t\t<\/div>\n\t\t\t\t<\/div>\n\t\t","protected":false},"excerpt":{"rendered":"<p>The Lenoir-Mec <strong data-start=\"83\" data-end=\"130\">high-intensity magnetic separator (SLT)<\/strong> is designed to extract magnetic particles from ores, ceramics, powders and other industrial materials. Thanks to its powerful, adjustable magnetic field, it guarantees precise, efficient separation of metallic contaminants, optimizing the purity of finished products. Suitable for demanding environments, it integrates perfectly into production lines for continuous processing.<\/p>\n","protected":false},"featured_media":9557,"template":"","meta":{"_acf_changed":false,"inline_featured_image":false},"product_brand":[],"product_cat":[189,139],"product_tag":[190],"class_list":{"0":"post-10298","1":"product","2":"type-product","3":"status-publish","4":"has-post-thumbnail","6":"product_cat-purify","7":"product_cat-magnetic-metal-separation","8":"product_tag-separation-en","10":"first","11":"instock","12":"shipping-taxable","13":"product-type-simple"},"acf":[],"yoast_head":"<!-- This site is optimized with the Yoast SEO plugin v25.8 - https:\/\/yoast.com\/wordpress\/plugins\/seo\/ -->\n<title>High-intensity magnetic separator (SLT) &#8211; Lenoir-Mec<\/title>\n<meta name=\"description\" content=\"Discover the SLT high-intensity magnetic separator, ideal for separating ferromagnetic particles and purifying your products.\" \/>\n<meta name=\"robots\" content=\"index, follow, max-snippet:-1, max-image-preview:large, max-video-preview:-1\" \/>\n<link rel=\"canonical\" href=\"https:\/\/www.lenoir-mec.com\/en\/product\/high-intensity-magnetic-separator-slt\/\" \/>\n<meta property=\"og:locale\" content=\"en_US\" \/>\n<meta property=\"og:type\" content=\"article\" \/>\n<meta property=\"og:title\" content=\"High-intensity magnetic separator (SLT) &#8211; Lenoir-Mec\" \/>\n<meta property=\"og:description\" content=\"Discover the SLT high-intensity magnetic separator, ideal for separating ferromagnetic particles and purifying your products.\" \/>\n<meta property=\"og:url\" content=\"https:\/\/www.lenoir-mec.com\/en\/product\/high-intensity-magnetic-separator-slt\/\" \/>\n<meta property=\"og:site_name\" content=\"Lenoir-Mec\" \/>\n<meta property=\"article:modified_time\" content=\"2025-07-01T14:51:55+00:00\" \/>\n<meta property=\"og:image\" content=\"https:\/\/www.lenoir-mec.com\/wp-content\/uploads\/2025\/02\/SLT_vue1-1024x576.png\" \/>\n\t<meta property=\"og:image:width\" content=\"1024\" \/>\n\t<meta property=\"og:image:height\" content=\"576\" \/>\n\t<meta property=\"og:image:type\" content=\"image\/png\" \/>\n<meta name=\"twitter:card\" content=\"summary_large_image\" \/>\n<meta name=\"twitter:label1\" content=\"Est. reading time\" \/>\n\t<meta name=\"twitter:data1\" content=\"1 minute\" \/>\n<script type=\"application\/ld+json\" class=\"yoast-schema-graph\">{\"@context\":\"https:\/\/schema.org\",\"@graph\":[{\"@type\":\"WebPage\",\"@id\":\"https:\/\/www.lenoir-mec.com\/en\/product\/high-intensity-magnetic-separator-slt\/\",\"url\":\"https:\/\/www.lenoir-mec.com\/en\/product\/high-intensity-magnetic-separator-slt\/\",\"name\":\"High-intensity magnetic separator (SLT) &#8211; Lenoir-Mec\",\"isPartOf\":{\"@id\":\"https:\/\/www.lenoir-mec.com\/en\/#website\"},\"primaryImageOfPage\":{\"@id\":\"https:\/\/www.lenoir-mec.com\/en\/product\/high-intensity-magnetic-separator-slt\/#primaryimage\"},\"image\":{\"@id\":\"https:\/\/www.lenoir-mec.com\/en\/product\/high-intensity-magnetic-separator-slt\/#primaryimage\"},\"thumbnailUrl\":\"https:\/\/www.lenoir-mec.com\/wp-content\/uploads\/2025\/02\/SLT_vue1.png\",\"datePublished\":\"2025-02-17T10:38:56+00:00\",\"dateModified\":\"2025-07-01T14:51:55+00:00\",\"description\":\"Discover the SLT high-intensity magnetic separator, ideal for separating ferromagnetic particles and purifying your products.\",\"breadcrumb\":{\"@id\":\"https:\/\/www.lenoir-mec.com\/en\/product\/high-intensity-magnetic-separator-slt\/#breadcrumb\"},\"inLanguage\":\"en-US\",\"potentialAction\":[{\"@type\":\"ReadAction\",\"target\":[\"https:\/\/www.lenoir-mec.com\/en\/product\/high-intensity-magnetic-separator-slt\/\"]}]},{\"@type\":\"ImageObject\",\"inLanguage\":\"en-US\",\"@id\":\"https:\/\/www.lenoir-mec.com\/en\/product\/high-intensity-magnetic-separator-slt\/#primaryimage\",\"url\":\"https:\/\/www.lenoir-mec.com\/wp-content\/uploads\/2025\/02\/SLT_vue1.png\",\"contentUrl\":\"https:\/\/www.lenoir-mec.com\/wp-content\/uploads\/2025\/02\/SLT_vue1.png\",\"width\":3840,\"height\":2160,\"caption\":\"Le s\u00e9parateur magn\u00e9tique \u00e0 haute intensit\u00e9 (SLT) Lenoir-Mec est con\u00e7u pour l\u2019extraction des particules faiblement magn\u00e9tiques dans les minerais, c\u00e9ramiques, poudres et autres mat\u00e9riaux industriels.\"},{\"@type\":\"BreadcrumbList\",\"@id\":\"https:\/\/www.lenoir-mec.com\/en\/product\/high-intensity-magnetic-separator-slt\/#breadcrumb\",\"itemListElement\":[{\"@type\":\"ListItem\",\"position\":1,\"name\":\"Accueil\",\"item\":\"https:\/\/www.lenoir-mec.com\/en\/\"},{\"@type\":\"ListItem\",\"position\":2,\"name\":\"High-intensity magnetic separator (SLT)\"}]},{\"@type\":\"WebSite\",\"@id\":\"https:\/\/www.lenoir-mec.com\/en\/#website\",\"url\":\"https:\/\/www.lenoir-mec.com\/en\/\",\"name\":\"Lenoir-Mec\",\"description\":\"Magnetic Systems\",\"publisher\":{\"@id\":\"https:\/\/www.lenoir-mec.com\/en\/#organization\"},\"potentialAction\":[{\"@type\":\"SearchAction\",\"target\":{\"@type\":\"EntryPoint\",\"urlTemplate\":\"https:\/\/www.lenoir-mec.com\/en\/?s={search_term_string}\"},\"query-input\":{\"@type\":\"PropertyValueSpecification\",\"valueRequired\":true,\"valueName\":\"search_term_string\"}}],\"inLanguage\":\"en-US\"},{\"@type\":\"Organization\",\"@id\":\"https:\/\/www.lenoir-mec.com\/en\/#organization\",\"name\":\"Lenoir-Mec\",\"url\":\"https:\/\/www.lenoir-mec.com\/en\/\",\"logo\":{\"@type\":\"ImageObject\",\"inLanguage\":\"en-US\",\"@id\":\"https:\/\/www.lenoir-mec.com\/en\/#\/schema\/logo\/image\/\",\"url\":\"https:\/\/www.lenoir-mec.com\/wp-content\/uploads\/2024\/08\/logo-LENOIR-MEC-noir.svg\",\"contentUrl\":\"https:\/\/www.lenoir-mec.com\/wp-content\/uploads\/2024\/08\/logo-LENOIR-MEC-noir.svg\",\"width\":218,\"height\":52,\"caption\":\"Lenoir-Mec\"},\"image\":{\"@id\":\"https:\/\/www.lenoir-mec.com\/en\/#\/schema\/logo\/image\/\"}}]}<\/script>\n<!-- \/ Yoast SEO plugin. -->","yoast_head_json":{"title":"High-intensity magnetic separator (SLT) &#8211; Lenoir-Mec","description":"Discover the SLT high-intensity magnetic separator, ideal for separating ferromagnetic particles and purifying your products.","robots":{"index":"index","follow":"follow","max-snippet":"max-snippet:-1","max-image-preview":"max-image-preview:large","max-video-preview":"max-video-preview:-1"},"canonical":"https:\/\/www.lenoir-mec.com\/en\/product\/high-intensity-magnetic-separator-slt\/","og_locale":"en_US","og_type":"article","og_title":"High-intensity magnetic separator (SLT) &#8211; Lenoir-Mec","og_description":"Discover the SLT high-intensity magnetic separator, ideal for separating ferromagnetic particles and purifying your products.","og_url":"https:\/\/www.lenoir-mec.com\/en\/product\/high-intensity-magnetic-separator-slt\/","og_site_name":"Lenoir-Mec","article_modified_time":"2025-07-01T14:51:55+00:00","og_image":[{"width":1024,"height":576,"url":"https:\/\/www.lenoir-mec.com\/wp-content\/uploads\/2025\/02\/SLT_vue1-1024x576.png","type":"image\/png"}],"twitter_card":"summary_large_image","twitter_misc":{"Est. reading time":"1 minute"},"schema":{"@context":"https:\/\/schema.org","@graph":[{"@type":"WebPage","@id":"https:\/\/www.lenoir-mec.com\/en\/product\/high-intensity-magnetic-separator-slt\/","url":"https:\/\/www.lenoir-mec.com\/en\/product\/high-intensity-magnetic-separator-slt\/","name":"High-intensity magnetic separator (SLT) &#8211; Lenoir-Mec","isPartOf":{"@id":"https:\/\/www.lenoir-mec.com\/en\/#website"},"primaryImageOfPage":{"@id":"https:\/\/www.lenoir-mec.com\/en\/product\/high-intensity-magnetic-separator-slt\/#primaryimage"},"image":{"@id":"https:\/\/www.lenoir-mec.com\/en\/product\/high-intensity-magnetic-separator-slt\/#primaryimage"},"thumbnailUrl":"https:\/\/www.lenoir-mec.com\/wp-content\/uploads\/2025\/02\/SLT_vue1.png","datePublished":"2025-02-17T10:38:56+00:00","dateModified":"2025-07-01T14:51:55+00:00","description":"Discover the SLT high-intensity magnetic separator, ideal for separating ferromagnetic particles and purifying your products.","breadcrumb":{"@id":"https:\/\/www.lenoir-mec.com\/en\/product\/high-intensity-magnetic-separator-slt\/#breadcrumb"},"inLanguage":"en-US","potentialAction":[{"@type":"ReadAction","target":["https:\/\/www.lenoir-mec.com\/en\/product\/high-intensity-magnetic-separator-slt\/"]}]},{"@type":"ImageObject","inLanguage":"en-US","@id":"https:\/\/www.lenoir-mec.com\/en\/product\/high-intensity-magnetic-separator-slt\/#primaryimage","url":"https:\/\/www.lenoir-mec.com\/wp-content\/uploads\/2025\/02\/SLT_vue1.png","contentUrl":"https:\/\/www.lenoir-mec.com\/wp-content\/uploads\/2025\/02\/SLT_vue1.png","width":3840,"height":2160,"caption":"Le s\u00e9parateur magn\u00e9tique \u00e0 haute intensit\u00e9 (SLT) Lenoir-Mec est con\u00e7u pour l\u2019extraction des particules faiblement magn\u00e9tiques dans les minerais, c\u00e9ramiques, poudres et autres mat\u00e9riaux industriels."},{"@type":"BreadcrumbList","@id":"https:\/\/www.lenoir-mec.com\/en\/product\/high-intensity-magnetic-separator-slt\/#breadcrumb","itemListElement":[{"@type":"ListItem","position":1,"name":"Accueil","item":"https:\/\/www.lenoir-mec.com\/en\/"},{"@type":"ListItem","position":2,"name":"High-intensity magnetic separator (SLT)"}]},{"@type":"WebSite","@id":"https:\/\/www.lenoir-mec.com\/en\/#website","url":"https:\/\/www.lenoir-mec.com\/en\/","name":"Lenoir-Mec","description":"Magnetic Systems","publisher":{"@id":"https:\/\/www.lenoir-mec.com\/en\/#organization"},"potentialAction":[{"@type":"SearchAction","target":{"@type":"EntryPoint","urlTemplate":"https:\/\/www.lenoir-mec.com\/en\/?s={search_term_string}"},"query-input":{"@type":"PropertyValueSpecification","valueRequired":true,"valueName":"search_term_string"}}],"inLanguage":"en-US"},{"@type":"Organization","@id":"https:\/\/www.lenoir-mec.com\/en\/#organization","name":"Lenoir-Mec","url":"https:\/\/www.lenoir-mec.com\/en\/","logo":{"@type":"ImageObject","inLanguage":"en-US","@id":"https:\/\/www.lenoir-mec.com\/en\/#\/schema\/logo\/image\/","url":"https:\/\/www.lenoir-mec.com\/wp-content\/uploads\/2024\/08\/logo-LENOIR-MEC-noir.svg","contentUrl":"https:\/\/www.lenoir-mec.com\/wp-content\/uploads\/2024\/08\/logo-LENOIR-MEC-noir.svg","width":218,"height":52,"caption":"Lenoir-Mec"},"image":{"@id":"https:\/\/www.lenoir-mec.com\/en\/#\/schema\/logo\/image\/"}}]}},"_links":{"self":[{"href":"https:\/\/www.lenoir-mec.com\/en\/wp-json\/wp\/v2\/product\/10298","targetHints":{"allow":["GET"]}}],"collection":[{"href":"https:\/\/www.lenoir-mec.com\/en\/wp-json\/wp\/v2\/product"}],"about":[{"href":"https:\/\/www.lenoir-mec.com\/en\/wp-json\/wp\/v2\/types\/product"}],"version-history":[{"count":0,"href":"https:\/\/www.lenoir-mec.com\/en\/wp-json\/wp\/v2\/product\/10298\/revisions"}],"wp:featuredmedia":[{"embeddable":true,"href":"https:\/\/www.lenoir-mec.com\/en\/wp-json\/wp\/v2\/media\/9557"}],"wp:attachment":[{"href":"https:\/\/www.lenoir-mec.com\/en\/wp-json\/wp\/v2\/media?parent=10298"}],"wp:term":[{"taxonomy":"product_brand","embeddable":true,"href":"https:\/\/www.lenoir-mec.com\/en\/wp-json\/wp\/v2\/product_brand?post=10298"},{"taxonomy":"product_cat","embeddable":true,"href":"https:\/\/www.lenoir-mec.com\/en\/wp-json\/wp\/v2\/product_cat?post=10298"},{"taxonomy":"product_tag","embeddable":true,"href":"https:\/\/www.lenoir-mec.com\/en\/wp-json\/wp\/v2\/product_tag?post=10298"}],"curies":[{"name":"wp","href":"https:\/\/api.w.org\/{rel}","templated":true}]}}