{"id":9028,"date":"2024-08-20T15:42:45","date_gmt":"2024-08-20T13:42:45","guid":{"rendered":"https:\/\/www.lenoir-mec.com\/activites\/"},"modified":"2025-01-07T14:58:49","modified_gmt":"2025-01-07T13:58:49","slug":"settori","status":"publish","type":"page","link":"https:\/\/www.lenoir-mec.com\/it\/settori\/","title":{"rendered":"Settori"},"content":{"rendered":"","protected":false},"excerpt":{"rendered":"","protected":false},"author":1,"featured_media":0,"parent":0,"menu_order":0,"comment_status":"closed","ping_status":"closed","template":"","meta":{"_acf_changed":false,"inline_featured_image":false,"footnotes":""},"class_list":["post-9028","page","type-page","status-publish","hentry"],"acf":[],"yoast_head":"<!-- This site is optimized with the Yoast SEO plugin v25.8 - https:\/\/yoast.com\/wordpress\/plugins\/seo\/ -->\n<title>Settori &#8211; Lenoir-Mec<\/title>\n<meta name=\"description\" content=\"D\u00e9couvrez les solutions Lenoir-MEC pour recycler, lever et \u00e9purer. Nos technologies de s\u00e9paration magn\u00e9tique et de levage industriel s&#039;adaptent \u00e0 vos besoins.\" \/>\n<meta name=\"robots\" content=\"index, follow, max-snippet:-1, max-image-preview:large, max-video-preview:-1\" \/>\n<link rel=\"canonical\" href=\"https:\/\/www.lenoir-mec.com\/it\/settori\/\" \/>\n<meta property=\"og:locale\" content=\"it_IT\" \/>\n<meta property=\"og:type\" content=\"article\" \/>\n<meta property=\"og:title\" content=\"Settori &#8211; Lenoir-Mec\" \/>\n<meta property=\"og:description\" content=\"D\u00e9couvrez les solutions Lenoir-MEC pour recycler, lever et \u00e9purer. Nos technologies de s\u00e9paration magn\u00e9tique et de levage industriel s&#039;adaptent \u00e0 vos besoins.\" \/>\n<meta property=\"og:url\" content=\"https:\/\/www.lenoir-mec.com\/it\/settori\/\" \/>\n<meta property=\"og:site_name\" content=\"Lenoir-Mec\" \/>\n<meta property=\"article:modified_time\" content=\"2025-01-07T13:58:49+00:00\" \/>\n<meta name=\"twitter:card\" content=\"summary_large_image\" \/>\n<script type=\"application\/ld+json\" class=\"yoast-schema-graph\">{\"@context\":\"https:\/\/schema.org\",\"@graph\":[{\"@type\":\"WebPage\",\"@id\":\"https:\/\/www.lenoir-mec.com\/it\/settori\/\",\"url\":\"https:\/\/www.lenoir-mec.com\/it\/settori\/\",\"name\":\"Settori &#8211; Lenoir-Mec\",\"isPartOf\":{\"@id\":\"https:\/\/www.lenoir-mec.com\/it\/#website\"},\"datePublished\":\"2024-08-20T13:42:45+00:00\",\"dateModified\":\"2025-01-07T13:58:49+00:00\",\"description\":\"D\u00e9couvrez les solutions Lenoir-MEC pour recycler, lever et \u00e9purer. Nos technologies de s\u00e9paration magn\u00e9tique et de levage industriel s'adaptent \u00e0 vos besoins.\",\"breadcrumb\":{\"@id\":\"https:\/\/www.lenoir-mec.com\/it\/settori\/#breadcrumb\"},\"inLanguage\":\"it-IT\",\"potentialAction\":[{\"@type\":\"ReadAction\",\"target\":[\"https:\/\/www.lenoir-mec.com\/it\/settori\/\"]}]},{\"@type\":\"BreadcrumbList\",\"@id\":\"https:\/\/www.lenoir-mec.com\/it\/settori\/#breadcrumb\",\"itemListElement\":[{\"@type\":\"ListItem\",\"position\":1,\"name\":\"Homepage\",\"item\":\"https:\/\/www.lenoir-mec.com\/it\/\"},{\"@type\":\"ListItem\",\"position\":2,\"name\":\"Settori\"}]},{\"@type\":\"WebSite\",\"@id\":\"https:\/\/www.lenoir-mec.com\/it\/#website\",\"url\":\"https:\/\/www.lenoir-mec.com\/it\/\",\"name\":\"Lenoir-Mec\",\"description\":\"Magnetic Systems\",\"publisher\":{\"@id\":\"https:\/\/www.lenoir-mec.com\/it\/#organization\"},\"potentialAction\":[{\"@type\":\"SearchAction\",\"target\":{\"@type\":\"EntryPoint\",\"urlTemplate\":\"https:\/\/www.lenoir-mec.com\/it\/?s={search_term_string}\"},\"query-input\":{\"@type\":\"PropertyValueSpecification\",\"valueRequired\":true,\"valueName\":\"search_term_string\"}}],\"inLanguage\":\"it-IT\"},{\"@type\":\"Organization\",\"@id\":\"https:\/\/www.lenoir-mec.com\/it\/#organization\",\"name\":\"Lenoir-Mec\",\"url\":\"https:\/\/www.lenoir-mec.com\/it\/\",\"logo\":{\"@type\":\"ImageObject\",\"inLanguage\":\"it-IT\",\"@id\":\"https:\/\/www.lenoir-mec.com\/it\/#\/schema\/logo\/image\/\",\"url\":\"https:\/\/www.lenoir-mec.com\/wp-content\/uploads\/2024\/08\/logo-LENOIR-MEC-noir.svg\",\"contentUrl\":\"https:\/\/www.lenoir-mec.com\/wp-content\/uploads\/2024\/08\/logo-LENOIR-MEC-noir.svg\",\"width\":218,\"height\":52,\"caption\":\"Lenoir-Mec\"},\"image\":{\"@id\":\"https:\/\/www.lenoir-mec.com\/it\/#\/schema\/logo\/image\/\"}}]}<\/script>\n<!-- \/ Yoast SEO plugin. -->","yoast_head_json":{"title":"Settori &#8211; Lenoir-Mec","description":"D\u00e9couvrez les solutions Lenoir-MEC pour recycler, lever et \u00e9purer. Nos technologies de s\u00e9paration magn\u00e9tique et de levage industriel s'adaptent \u00e0 vos besoins.","robots":{"index":"index","follow":"follow","max-snippet":"max-snippet:-1","max-image-preview":"max-image-preview:large","max-video-preview":"max-video-preview:-1"},"canonical":"https:\/\/www.lenoir-mec.com\/it\/settori\/","og_locale":"it_IT","og_type":"article","og_title":"Settori &#8211; Lenoir-Mec","og_description":"D\u00e9couvrez les solutions Lenoir-MEC pour recycler, lever et \u00e9purer. Nos technologies de s\u00e9paration magn\u00e9tique et de levage industriel s'adaptent \u00e0 vos besoins.","og_url":"https:\/\/www.lenoir-mec.com\/it\/settori\/","og_site_name":"Lenoir-Mec","article_modified_time":"2025-01-07T13:58:49+00:00","twitter_card":"summary_large_image","schema":{"@context":"https:\/\/schema.org","@graph":[{"@type":"WebPage","@id":"https:\/\/www.lenoir-mec.com\/it\/settori\/","url":"https:\/\/www.lenoir-mec.com\/it\/settori\/","name":"Settori &#8211; Lenoir-Mec","isPartOf":{"@id":"https:\/\/www.lenoir-mec.com\/it\/#website"},"datePublished":"2024-08-20T13:42:45+00:00","dateModified":"2025-01-07T13:58:49+00:00","description":"D\u00e9couvrez les solutions Lenoir-MEC pour recycler, lever et \u00e9purer. Nos technologies de s\u00e9paration magn\u00e9tique et de levage industriel s'adaptent \u00e0 vos besoins.","breadcrumb":{"@id":"https:\/\/www.lenoir-mec.com\/it\/settori\/#breadcrumb"},"inLanguage":"it-IT","potentialAction":[{"@type":"ReadAction","target":["https:\/\/www.lenoir-mec.com\/it\/settori\/"]}]},{"@type":"BreadcrumbList","@id":"https:\/\/www.lenoir-mec.com\/it\/settori\/#breadcrumb","itemListElement":[{"@type":"ListItem","position":1,"name":"Homepage","item":"https:\/\/www.lenoir-mec.com\/it\/"},{"@type":"ListItem","position":2,"name":"Settori"}]},{"@type":"WebSite","@id":"https:\/\/www.lenoir-mec.com\/it\/#website","url":"https:\/\/www.lenoir-mec.com\/it\/","name":"Lenoir-Mec","description":"Magnetic Systems","publisher":{"@id":"https:\/\/www.lenoir-mec.com\/it\/#organization"},"potentialAction":[{"@type":"SearchAction","target":{"@type":"EntryPoint","urlTemplate":"https:\/\/www.lenoir-mec.com\/it\/?s={search_term_string}"},"query-input":{"@type":"PropertyValueSpecification","valueRequired":true,"valueName":"search_term_string"}}],"inLanguage":"it-IT"},{"@type":"Organization","@id":"https:\/\/www.lenoir-mec.com\/it\/#organization","name":"Lenoir-Mec","url":"https:\/\/www.lenoir-mec.com\/it\/","logo":{"@type":"ImageObject","inLanguage":"it-IT","@id":"https:\/\/www.lenoir-mec.com\/it\/#\/schema\/logo\/image\/","url":"https:\/\/www.lenoir-mec.com\/wp-content\/uploads\/2024\/08\/logo-LENOIR-MEC-noir.svg","contentUrl":"https:\/\/www.lenoir-mec.com\/wp-content\/uploads\/2024\/08\/logo-LENOIR-MEC-noir.svg","width":218,"height":52,"caption":"Lenoir-Mec"},"image":{"@id":"https:\/\/www.lenoir-mec.com\/it\/#\/schema\/logo\/image\/"}}]}},"_links":{"self":[{"href":"https:\/\/www.lenoir-mec.com\/it\/wp-json\/wp\/v2\/pages\/9028","targetHints":{"allow":["GET"]}}],"collection":[{"href":"https:\/\/www.lenoir-mec.com\/it\/wp-json\/wp\/v2\/pages"}],"about":[{"href":"https:\/\/www.lenoir-mec.com\/it\/wp-json\/wp\/v2\/types\/page"}],"author":[{"embeddable":true,"href":"https:\/\/www.lenoir-mec.com\/it\/wp-json\/wp\/v2\/users\/1"}],"replies":[{"embeddable":true,"href":"https:\/\/www.lenoir-mec.com\/it\/wp-json\/wp\/v2\/comments?post=9028"}],"version-history":[{"count":0,"href":"https:\/\/www.lenoir-mec.com\/it\/wp-json\/wp\/v2\/pages\/9028\/revisions"}],"wp:attachment":[{"href":"https:\/\/www.lenoir-mec.com\/it\/wp-json\/wp\/v2\/media?parent=9028"}],"curies":[{"name":"wp","href":"https:\/\/api.w.org\/{rel}","templated":true}]}}